{"id":2440,"date":"2022-01-21T09:45:06","date_gmt":"2022-01-21T07:45:06","guid":{"rendered":"https:\/\/tnl.fi\/nuorinayttamo\/?page_id=2440"},"modified":"2022-01-21T09:46:30","modified_gmt":"2022-01-21T07:46:30","slug":"2019-2021","status":"publish","type":"page","link":"https:\/\/tnl.fi\/nuorinayttamo\/2019-2021\/","title":{"rendered":"2019-2021"},"content":{"rendered":"<p>&nbsp;<\/p>\n<p>Nuori N\u00e4ytt\u00e4m\u00f6 -kierrokseen vuosina 2019\u20132021 osallistui 36 ryhm\u00e4\u00e4, joissa oli mukana yhteens\u00e4 750 nuorta.<\/p>\n<div class=\"page\" title=\"Page 3\">\n<div class=\"section\">\n<div class=\"layoutArea\">\n<div class=\"column\">\n<p>Mukana on 9 vuoden aikana ollut jo yhteensa\u0308 90 nuortenryhma\u0308a\u0308, 16 ammattiteatteria, 10 suomalaista na\u0308ytelma\u0308kirjailijaa ja kaksi na\u0308ytelma\u0308a\u0308 on niin ika\u0308a\u0308n suomennettu englannista ja ruotsista. Katsojia on saatu reilusti yli 20 000.<\/p>\n<p>&nbsp;<\/p>\n<\/div>\n<\/div>\n<\/div>\n<\/div>\n<h2>N\u00e4ytelm\u00e4t<\/h2>\n<p>Okko Leo: <em>Isukki<br \/>\n<\/em>Otto Sandqvist: <em>Flamingonpunainen unelma<br \/>\n<\/em>Katariina Numminen: <em>Tytt\u00f6mets\u00e4<br \/>\n<\/em>sek\u00e4 k\u00e4\u00e4nn\u00f6sn\u00e4ytelm\u00e4: Harriet Braun: <em>Kolme\u00a0<\/em>(k\u00e4\u00e4nn\u00f6s: Jukka-Pekka Pajunen)<\/p>\n<h2>Antologia<\/h2>\n<div class=\"page\" title=\"Page 10\">\n<div class=\"section\">\n<div class=\"layoutArea\">\n<div class=\"column\">\n<p>Hankkeen na\u0308ytelma\u0308t saivat antologiana nimen <em>Kolme +3 na\u0308ytelma\u0308a\u0308<\/em>.<br \/>\nTeoksen toimitti Nuori Na\u0308ytta\u0308mo\u0308 -tuottaja Hinriikka Lindqvist, esipuheen laati Annina Enckell ja kustantajina toimivat TNL ry seka\u0308 *ntamo.<\/p>\n<p>&nbsp;<\/p>\n<\/div>\n<\/div>\n<\/div>\n<\/div>\n<h2>Ammattiteatterit<\/h2>\n<p>Lahden kaupunginteatteri<br \/>\nKokkolan Kaupunginteatteri<br \/>\nKouvolan Teatteri<br \/>\nTurun kaupunginteatteri<br \/>\nSuomen Kansallisteatteri<br \/>\nHelsingin kaupunginteatteri<\/p>\n<h2>Nuorten ryhm\u00e4t<\/h2>\n<div class=\"page\" title=\"Page 15\">\n<div class=\"section\">\n<div class=\"layoutArea\">\n<div class=\"column\">\n<p>Lahden alueelta, kummiteatterina Lahden kaupunginteatteri:<br \/>\nHietakampelat-ryhma\u0308, Teatterikoulu Timotei, Lahti<br \/>\nLahden Nuorisoteatteri, Lahti<br \/>\nMukkulan peruskoulu, Lahti<br \/>\nRiihima\u0308en Nuorisoteatteri, Riihima\u0308ki<br \/>\nSkuubilehma\u0308t-ryhma\u0308, Teatterikoulu Timotei, Lahti<\/p>\n<p>Kokkolan alueelta, kummiteatterina Kokkolan Kaupunginteatteri:<br \/>\nHooligans and Roses, Oulun Taidekoulun 15\u201316-vuotiaiden ryhma\u0308,<br \/>\nOulu KSL:n nuorten na\u0308ytta\u0308mo\u0308.<br \/>\nKokkolan suomalainen lukio, Kokkola<br \/>\nTanssiteatteri Tilleri Talleri, Haapavesi<br \/>\nTeatteri Iltata\u0308hden nuorten ryhma\u0308, Kokkola<br \/>\nTeatteri Pumpernikkeli,<br \/>\nOulun Taidekoulun yli 16-vuotiaiden ryhma\u0308, Oulu<br \/>\nYkspihlajan Tyo\u0308va\u0308en Na\u0308ytta\u0308mo\u0308n Nuorten ryhma\u0308, Kokkola<\/p>\n<\/div>\n<\/div>\n<div class=\"layoutArea\">\n<div class=\"column\">\n<p>Turun alueelta, kummiteatterina Turun kaupunginteatteri:<br \/>\nKaarinan nuorisoteatteri, Kaarina<br \/>\nKiiruun koulu, Somero<br \/>\nLoimaan teatteri, Loimaa<br \/>\nSalon kansalaisopiston teatterikoulun Esitysprojekti &#8211; kurssi, Salo<br \/>\nTurun Nuori Teatteri, Turku<\/p>\n<\/div>\n<div class=\"column\">\n<p>Kouvolan alueelta, kummiteatterina Kouvolan Teatteri:<br \/>\nHFL Company, Kuusankoski<br \/>\nKouvolan Teatterin Nuortenteatteri, Kouvola<br \/>\nKouvolan yhteiskoulun ja Urheilupuiston koulun teatteriryhma\u0308, Kouvola<br \/>\nKuusankosken Teatterin nuorisoteatteriryhma\u0308, Kuusankoski<br \/>\nTaidekoulu Estradin teatterilinja, Lappeenranta<\/p>\n<\/div>\n<\/div>\n<div class=\"section\">\n<div class=\"layoutArea\">\n<div class=\"column\">\n<p>Helsingin alueelta, kummiteatterina Suomen Kansallisteatteri:<br \/>\nJa\u0308rvenpa\u0308a\u0308n teatterin nuoret, Ja\u0308rvenpa\u0308a\u0308<br \/>\nTeatteri Werner, Porvoo<br \/>\nMusiikkiteatteri a\u0300 la Teatteri Roinela, Nurmija\u0308rvi<br \/>\nKallion lukio, ryhma\u0308 1. (suom.), Helsinki<br \/>\nKallion lukio, ryhma\u0308 2. (engl.), Helsinki<br \/>\nUljas-ryhma\u0308, Tikkurilan Teatteri- ja Sirkuskoulu, Vantaa<br \/>\nMartinlaakson lukio, Vantaa<br \/>\nTapiolan lukion musiikkiteatteriryhma\u0308, Espoo<\/p>\n<\/div>\n<\/div>\n<\/div>\n<div class=\"layoutArea\">\n<div class=\"column\">\n<p>Helsingin alueelta, kummiteatterina Helsingin kaupunginteatteri:<br \/>\nMusTe Kollektiivi, Helsinki<br \/>\nOtaniemen lukio, Teatterin ja median linjan Pyo\u0308rre-ryhma\u0308,<br \/>\nAnnantalo, Helsinki<br \/>\nBeckett-ryhma\u0308, Tikkurilan Teatteri- ja Sirkuskoulu, Vantaa<br \/>\nTeatteri Roinelan E-ryhma\u0308, Nurmija\u0308rvi<br \/>\n2. vuosikurssin opiskelijat, Espoo<br \/>\nVaskivuoren lukio, Vantaa<br \/>\nTeatteri ILMI O\u0308:n Teatterikoulun F-ryhma\u0308, Helsinki<\/p>\n<\/div>\n<\/div>\n<\/div>\n<\/div>\n","protected":false},"excerpt":{"rendered":"<p>&nbsp; Nuori N\u00e4ytt\u00e4m\u00f6 -kierrokseen vuosina 2019\u20132021 osallistui 36 ryhm\u00e4\u00e4, joissa oli mukana yhteens\u00e4 750 nuorta. Mukana on 9 vuoden aikana ollut jo yhteensa\u0308 90 nuortenryhma\u0308a\u0308, 16 ammattiteatteria, 10 suomalaista na\u0308ytelma\u0308kirjailijaa ja kaksi na\u0308ytelma\u0308a\u0308 on niin ika\u0308a\u0308n suomennettu englannista ja ruotsista. Katsojia on saatu reilusti yli 20 000. &nbsp; N\u00e4ytelm\u00e4t Okko Leo: Isukki Otto Sandqvist: Flamingonpunainen [&hellip;]<\/p>\n","protected":false},"author":3,"featured_media":0,"parent":0,"menu_order":0,"comment_status":"closed","ping_status":"closed","template":"","meta":[],"_links":{"self":[{"href":"https:\/\/tnl.fi\/nuorinayttamo\/wp-json\/wp\/v2\/pages\/2440"}],"collection":[{"href":"https:\/\/tnl.fi\/nuorinayttamo\/wp-json\/wp\/v2\/pages"}],"about":[{"href":"https:\/\/tnl.fi\/nuorinayttamo\/wp-json\/wp\/v2\/types\/page"}],"author":[{"embeddable":true,"href":"https:\/\/tnl.fi\/nuorinayttamo\/wp-json\/wp\/v2\/users\/3"}],"replies":[{"embeddable":true,"href":"https:\/\/tnl.fi\/nuorinayttamo\/wp-json\/wp\/v2\/comments?post=2440"}],"version-history":[{"count":6,"href":"https:\/\/tnl.fi\/nuorinayttamo\/wp-json\/wp\/v2\/pages\/2440\/revisions"}],"predecessor-version":[{"id":2446,"href":"https:\/\/tnl.fi\/nuorinayttamo\/wp-json\/wp\/v2\/pages\/2440\/revisions\/2446"}],"wp:attachment":[{"href":"https:\/\/tnl.fi\/nuorinayttamo\/wp-json\/wp\/v2\/media?parent=2440"}],"curies":[{"name":"wp","href":"https:\/\/api.w.org\/{rel}","templated":true}]}}