{"id":1971,"date":"2019-04-18T09:29:25","date_gmt":"2019-04-18T06:29:25","guid":{"rendered":"https:\/\/tnl.fi\/nuorinayttamo\/?page_id=1971"},"modified":"2019-04-23T12:57:11","modified_gmt":"2019-04-23T09:57:11","slug":"2016-2018","status":"publish","type":"page","link":"https:\/\/tnl.fi\/nuorinayttamo\/2016-2018\/","title":{"rendered":"2016\u20132018"},"content":{"rendered":"<p>&nbsp;<\/p>\n<p>Nuoren N\u00e4ytt\u00e4m\u00f6n toisella kierroksella vuosina 2016\u20132018 oli mukana 27 nuortenteatteriryhm\u00e4\u00e4, joissa oli yhteens\u00e4 606 nuorta.<br \/>\nYleis\u00f6\u00e4 ryhmien festivaali- ja kotiesityksiss\u00e4 oli yhteens\u00e4 12 500.<br \/>\nEsityksi\u00e4 oli yhteens\u00e4 175.<\/p>\n<h2>N\u00e4ytelm\u00e4t<\/h2>\n<p>Gunilla Hemming: Carmina<br \/>\nRasmus Lindberg: Ainon aito m\u00e4 (Sannas sanna jag)<br \/>\nPipsa Lonka: Tuntemattoman el\u00e4imen j\u00e4ljet<br \/>\nVeikko Nuutinen: On isis<\/p>\n<p>Agate \u00d8ksendal Kaupang, <span class=\"apple-converted-space\">Felicia Ohly,&nbsp;<\/span>Otto Sandqvist:<span class=\"apple-converted-space\">&nbsp;<\/span>Nevadaland<br \/>\n(pohjoismainen yhteishanke)<\/p>\n<h2>Ammattiteatterit<\/h2>\n<p>Helsingin Kaupunginteatteri<br \/>\nSuomen Kansallisteatteri<br \/>\nKotkan kaupunginteatteri<br \/>\nKemin kaupunginteatteri<br \/>\nMikkelin Teatteri<br \/>\nVarkauden Teatteri<br \/>\nTampereen Ty\u00f6v\u00e4en Teatteri<\/p>\n<h2>Nuorten ryhm\u00e4t<\/h2>\n<h5>Suomen Kansallisteatteri<\/h5>\n<p>Teatteriryhm\u00e4 Into Annantalosta<br \/>\nTeatteri ILMI \u00d6:n Tukiranka<br \/>\nHyrdet ja J\u00e4rdet<br \/>\nOlarin lukion Solaris-ryhm\u00e4<br \/>\nVaskivuoren lukion ryhm\u00e4<br \/>\nSalon Teatterikoulu<\/p>\n<h5>Helsingin Kaupunginteatteri<\/h5>\n<p>Havukosken koulun draamaryhm\u00e4<br \/>\nJ\u00e4Te-nuoret, J\u00e4rvenp\u00e4\u00e4<br \/>\nKallion lukio<br \/>\nMartinlaakson lukio<br \/>\nTapiolan lukion musiikkilinja<br \/>\nTeatteriryhm\u00e4 Werner, Porvoo<br \/>\nAnnantalon ryhm\u00e4 Vire<\/p>\n<h5>Kemin kaupunginteatteri<\/h5>\n<p>Keminsuun Nuorisoseuran ryhm\u00e4<br \/>\nKemin kaupunginteatterin nuorisolinja<br \/>\nOulun taidekoulun kaksi ryhm\u00e4\u00e4, Labyrintti sek\u00e4 16\u201317-vuotiaiden ryhm\u00e4<\/p>\n<h5>Kotkan Kaupunginteatteri<\/h5>\n<h5>Kotkan Nuorisoteatteri<\/h5>\n<p>Haminan kansalaisopiston ryhm\u00e4<br \/>\nKarhulan Ty\u00f6v\u00e4enn\u00e4ytt\u00e4m\u00f6n nuoret<\/p>\n<h5>Mikkelin Teatteri<\/h5>\n<p>Harrastajateatteri Henkireik\u00e4, Haukivuori<br \/>\nMikkelin lukion Teatteri Tilaton<\/p>\n<h5>Varkauden teatteri<\/h5>\n<p>Teatteriryhm\u00e4 Nimett\u00f6m\u00e4t<\/p>\n<h5>Tampereen Ty\u00f6v\u00e4en Teatteri<\/h5>\n<p>Loimaan Teatteri<br \/>\nSquad#1<br \/>\n(tyhj\u00e4\u00e4)-teatteri<br \/>\nTampereen seudun ty\u00f6v\u00e4enopiston teatteriryhm\u00e4<\/p>\n<p><a name=\"nevadaland\"><\/a><\/p>\n<p><a name=\"nevadaland\"><\/p>\n<h2>Nevadaland<\/h2>\n<p><\/a><a name=\"nevadaland\"><\/a><br \/>\nNevadaland-n\u00e4ytelm\u00e4 syntyi kolmen Pohjoismaan yhteistuotantona. Suomen Nuori N\u00e4ytt\u00e4m\u00f6 -hanke, Ruotsin L\u00c4NK-hanke ja Norjan Den Unge Scenen tuoteuttavat samaa nuorten ja ammattilaisten yhteist\u00e4 teatterikonseptia omissa maissaan.<br \/>\nHankkeiden ensimm\u00e4inen isompi yhteisty\u00f6, n\u00e4ytelm\u00e4vaihdon lis\u00e4ksi, oli Tampereella ensi-iltansa saava Nevadaland-esitys. Esityksess\u00e4 oli nuoria n\u00e4yttelij\u00f6it\u00e4 n\u00e4ist\u00e4 Pohjoismaista, yhteens\u00e4 15 henke\u00e4.<\/p>\n","protected":false},"excerpt":{"rendered":"<p>&nbsp; Nuoren N\u00e4ytt\u00e4m\u00f6n toisella kierroksella vuosina 2016\u20132018 oli mukana 27 nuortenteatteriryhm\u00e4\u00e4, joissa oli yhteens\u00e4 606 nuorta. Yleis\u00f6\u00e4 ryhmien festivaali- ja kotiesityksiss\u00e4 oli yhteens\u00e4 12 500. Esityksi\u00e4 oli yhteens\u00e4 175. N\u00e4ytelm\u00e4t Gunilla Hemming: Carmina Rasmus Lindberg: Ainon aito m\u00e4 (Sannas sanna jag) Pipsa Lonka: Tuntemattoman el\u00e4imen j\u00e4ljet Veikko Nuutinen: On isis Agate \u00d8ksendal Kaupang, Felicia Ohly,&nbsp;Otto [&hellip;]<\/p>\n","protected":false},"author":3,"featured_media":0,"parent":0,"menu_order":0,"comment_status":"closed","ping_status":"closed","template":"","meta":[],"_links":{"self":[{"href":"https:\/\/tnl.fi\/nuorinayttamo\/wp-json\/wp\/v2\/pages\/1971"}],"collection":[{"href":"https:\/\/tnl.fi\/nuorinayttamo\/wp-json\/wp\/v2\/pages"}],"about":[{"href":"https:\/\/tnl.fi\/nuorinayttamo\/wp-json\/wp\/v2\/types\/page"}],"author":[{"embeddable":true,"href":"https:\/\/tnl.fi\/nuorinayttamo\/wp-json\/wp\/v2\/users\/3"}],"replies":[{"embeddable":true,"href":"https:\/\/tnl.fi\/nuorinayttamo\/wp-json\/wp\/v2\/comments?post=1971"}],"version-history":[{"count":11,"href":"https:\/\/tnl.fi\/nuorinayttamo\/wp-json\/wp\/v2\/pages\/1971\/revisions"}],"predecessor-version":[{"id":2041,"href":"https:\/\/tnl.fi\/nuorinayttamo\/wp-json\/wp\/v2\/pages\/1971\/revisions\/2041"}],"wp:attachment":[{"href":"https:\/\/tnl.fi\/nuorinayttamo\/wp-json\/wp\/v2\/media?parent=1971"}],"curies":[{"name":"wp","href":"https:\/\/api.w.org\/{rel}","templated":true}]}}