{"id":194,"date":"2016-08-11T13:52:13","date_gmt":"2016-08-11T10:52:13","guid":{"rendered":"http:\/\/www.spab-rice.com\/wordpress\/demo\/dani-demo\/?page_id=194"},"modified":"2024-04-16T12:31:16","modified_gmt":"2024-04-16T09:31:16","slug":"taustaa","status":"publish","type":"page","link":"https:\/\/tnl.fi\/nuorinayttamo\/taustaa\/","title":{"rendered":"Taustaa"},"content":{"rendered":"<div class=\"spacer spacer-medium\"><\/div><div class=\"wrapper\"><div id=\"\" class=\"column-section clearfix spaced-normal \"><div  class=\"column one-half  \" >Nuori n\u00e4ytt\u00e4m\u00f6 -hanke perustuu Englannin Kansallisteatterin, National Theatren luomaan New Connections -konseptiin. Se k\u00e4ynnistettiin Englannissa 1995 ja on siit\u00e4 l\u00e4htien tuottanut vuosittain kymmenkunta nuorille suunnattua eturivin n\u00e4ytelm\u00e4kirjailijoiden kirjoittamaa uutta pienoisn\u00e4ytelm\u00e4\u00e4, satoja esityksi\u00e4 ymp\u00e4ri Englantia sek\u00e4 paikallisia ett\u00e4 kansallisia festivaaleja.<\/p>\n<p>Nuori N\u00e4ytt\u00e4m\u00f6 -konsepti toteutettiin Suomessa ensimm\u00e4ist\u00e4 kertaa kaksikielisen\u00e4 hankkeena vuosina <a href=\"https:\/\/tnl.fi\/nuorinayttamo\/2013-2015\/\">2013\u20132015<\/a> eritt\u00e4in my\u00f6nteisin tuloksin ja kokemuksin sek\u00e4 toinen kierros vuosina <a href=\"https:\/\/tnl.fi\/nuorinayttamo\/2016-2018\/\">2016\u20132018<\/a> sek\u00e4 kolmas kierros <a href=\"https:\/\/tnl.fi\/nuorinayttamo\/2019-2021\/\">2021\u20132021<\/a>.<\/p>\n<p>Nuori N\u00e4ytt\u00e4m\u00f6 on taidekasvatuksellisesti ja esitystaiteellisesti ainutlaatuinen kokonaisuus, jossa nuoret teatterinharrastajat saavat mahdollisuuden vahvistaa omaa osaamistaan tai aloittaa aivan uuden harrastuksen! Nuori N\u00e4ytt\u00e4m\u00f6n sis\u00e4ll\u00e4 nuoret teatterinharrastajat voivat ty\u00f6skennell\u00e4 pit-k\u00e4j\u00e4nteisesti ammattilaisten kanssa. T\u00e4h\u00e4n koko Suomeen ulottuvaan verkostoon mahtuu mukaan yli 400 nuorta.<\/p>\n<p>Ryhmi\u00e4 ei valita taitotasojen mukaan, vaan osallistumaan toivotetaan tervetulleiksi koko Suomen alueelta mahdollisimman monista erilaisista taustoista tulevia ryhmi\u00e4.<\/p>\n<p>Mukana olevat ammattiteatterit voivat laajentaa yleis\u00f6pohjaansa, her\u00e4tt\u00e4\u00e4 nuorissa pysyv\u00e4\u00e4 kiinnostusta teatteritaidetta kohtaan ja tarjota laadukkaita teatteripalveluja. Ammattiteattereille konsepti tarjoaa tilaisuuden opetus- ja kulttuuriministeri\u00f6n edellytt\u00e4mien yhteisty\u00f6projektien toteuttamiseksi. Nuori N\u00e4ytt\u00e4m\u00f6 tukee samalla teattereille t\u00e4rke\u00e4\u00e4 yleis\u00f6ty\u00f6t\u00e4. Teatterit saavat uusia, suoria kontakteja toiminta-alueittensa nuoriin, joille teatteriin tulemisen kynnys madaltuu.<\/p>\n<p>Lis\u00e4ksi syntyy uusia, tasokkaita n\u00e4ytelmi\u00e4 nuorten esitett\u00e4v\u00e4ksi tai katsottavaksi. Kirjailijoille hanke antaa poikkeuksellisen tilaisuuden n\u00e4hd\u00e4 teksteist\u00e4\u00e4n lukuisia tulkintoja. Tekstit julkaistaan antologiana kirjan muodossa, joten Suomeen tuotetaan muutoin v\u00e4h\u00e4isesti syntyv\u00e4\u00e4 uutta nuorten n\u00e4ytelm\u00e4kirjallisuutta.<\/p>\n<p>Nuori N\u00e4ytt\u00e4m\u00f6n p\u00e4\u00e4organisoija on <a href=\"https:\/\/tnl.fi\">TNL<\/a>.<\/div><\/div><\/div>\n<div class=\"spacer spacer-medium\"><\/div><div class=\"wrapper\"><div id=\"\" class=\"column-section clearfix spaced-normal \">\n<div  class=\"column one-half  \" >\n<div class=\"toggle-item\">\n\t\t\t\t<div class=\"toggle-title toggle-active\">\n\t\t\t\t\t<h5 class=\"toggle-name title-alt\"><strong>Englanti<\/strong><\/h5>\n\t\t\t\t<\/div>\n\t\t\t\t<div class=\"toggle-inner\">\n<p>Nuori n\u00e4ytt\u00e4m\u00f6 -hanke perustuu Englannin Kansallisteatterin, National Theatre\u2019n luomaan New Connections -konseptiin. Se k\u00e4ynnistettiin Englannissa 1995 ja on siit\u00e4 l\u00e4htien tuottanut vuosittain kymmenkunta nuorille suunnattua eturivin n\u00e4ytelm\u00e4kirjailijoiden kirjoittamaa uutta pienoisn\u00e4ytelm\u00e4\u00e4, satoja esityksi\u00e4 ymp\u00e4ri Englantia sek\u00e4 paikallisia ett\u00e4 kansallisia festivaaleja. Kansallinen festivaali pidettiin hein\u00e4kuun 2013 alussa Lontoossa National Theatressa.<\/p>\n<p><a href=\"http:\/\/connections.nationaltheatre.org.uk\/\">https:\/\/connections.nationaltheatre.org.uk\/<\/a><\/p>\n<\/div>\n\t\t\t<\/div>\n<div class=\"toggle-item\">\n\t\t\t\t<div class=\"toggle-title \">\n\t\t\t\t\t<h5 class=\"toggle-name title-alt\"><strong>Norja<\/strong><\/h5>\n\t\t\t\t<\/div>\n\t\t\t\t<div class=\"toggle-inner\">\n<p>Englannin lis\u00e4ksi hanketta toteutettu laajasti, Skandinavian lis\u00e4ksi mm. Yhdysvalloissa, Italiassa, Portugalissa, Saksassa, Brasiliassa.<\/p>\n<p>Norjan Kansallisteatteri aloitti hankkeen vuonna 2003 ja toteuttaa sit\u00e4 nykyisin joka toinen vuosi.<\/p>\n<p><a href=\"http:\/\/www.dus.as\/\">http:\/\/www.dus.as\/<\/a><\/p>\n<\/div>\n\t\t\t<\/div>\n<div class=\"toggle-item\">\n\t\t\t\t<div class=\"toggle-title \">\n\t\t\t\t\t<h5 class=\"toggle-name title-alt\"><strong>Ruotsi<\/strong><\/h5>\n\t\t\t\t<\/div>\n\t\t\t\t<div class=\"toggle-inner\">\n<p>Ruotsissa Riksteatern on k\u00e4ynnist\u00e4nyt vuonna 2010 vastaavanlaisen hankkeen l\u00e4\u00e4ninteattereiden kanssa, nimelt\u00e4\u00e4n L\u00c4NK.<\/p>\n<p><a href=\"http:\/\/skolscenen-lank.riksteatern.se\/\">http:\/\/skolscenen-lank.riksteatern.se\/<\/a><\/p>\n<\/div>\n\t\t\t<\/div>\n<div class=\"toggle-item\">\n\t\t\t\t<div class=\"toggle-title \">\n\t\t\t\t\t<h5 class=\"toggle-name title-alt\"><strong>Brasilia<\/strong><\/h5>\n\t\t\t\t<\/div>\n\t\t\t\t<div class=\"toggle-inner\">\nBrasiliassa on toiminut vastaava Conex\u00f5es-niminen hanke vuosittain vuodesta 2006 alkaen.<\/p>\n<p><a href=\"http:\/\/conexoes.org.br\">http:\/\/conexoes.org.br\/<\/a><br \/>\n<\/div>\n\t\t\t<\/div>\n<\/div><div  class=\"column one-half last-col \" ><\/div><\/div><\/div><div class=\"spacer spacer-big\"><\/div>\n<div class=\"spacer spacer-small\"><\/div><div class=\"wrapper\"><div id=\"\" class=\"column-section clearfix spaced-normal \"><div  class=\"column one-half  \" >\n<p><a name=\"10-teesia-teatterista\"><\/a><\/p>\n<h2>10 teesi\u00e4 teatterista<\/h2>\n<p>Nuoret teatterintekij\u00e4t loivat n\u00e4m\u00e4 teesins\u00e4 tulevaisuuden teatterin suuntaviivoiksi.<\/p>\n<h3><strong>1. Emme ole idiootteja.<\/strong><\/h3>\n<p>Taide on parhaimmillaan, kun se on monella tasolla ymm\u00e4rrett\u00e4v\u00e4\u00e4 ja kaikenik\u00e4isille samaistuttavaa. Lastenteatteri on aina koko perheelle, mutta nuortenteatteri tehd\u00e4\u00e4n huonosti vain nuorille. Emme halua n\u00e4hd\u00e4 yksinkertaistettua viihdett\u00e4 naiiville yleis\u00f6lle, vaan vivahteikasta ja haastavaa taidetta.<\/p>\n<h3><strong>2. Kuka vaan voi n\u00e4ytell\u00e4 ket\u00e4 vaan.<\/strong><\/h3>\n<p>Vaadimme, ett\u00e4 teatteri olisi paikka, jossa n\u00e4hd\u00e4\u00e4n ihmisyyden monimuotoisuutta. Emme halua n\u00e4hd\u00e4 vain valkoihoisia, hoikkia ja kauniita. P\u00e4\u00e4sk\u00e4\u00e4 yli ahdasmielisist\u00e4 stereotypioista ja juhlikaa kaikenlaista ihmisyytt\u00e4.<\/p>\n<h3><strong>3. Avataan vanhoja valtarakenteita.<\/strong><\/h3>\n<p>Teatterin teon tulee olla yhteis\u00f6llinen kokemus kaikille ty\u00f6ryhm\u00e4n j\u00e4senille. Lis\u00e4\u00e4 yleis\u00f6keskustelua. Taiteilijuus on ihmisen itsens\u00e4 p\u00e4\u00e4tett\u00e4viss\u00e4, se ei ole kiinni tutkinnossa. Teakin luennot nettiin: teatterissa ei ole salaisuuksia.<\/p>\n<h3><strong>4. Nelj\u00e4s kuolemansynti: \u00e4l\u00e4 ole laiska.<\/strong><\/h3>\n<p>Ihmiset (teatterintekij\u00e4t) eiv\u00e4t uskalla my\u00f6nt\u00e4\u00e4 itselleen, ett\u00e4 he ovat laiskoja. Oletko sin\u00e4 laiska? Laiskuutta on se, etteiv\u00e4t kaikkien tarinat tule kuulluiksi. Laiskuutta on se, ett\u00e4 teatteria ei vied\u00e4 enemm\u00e4n seinien ulkopuolelle, torille tai ty\u00f6pajoihin. Laiskuutta on se, ett\u00e4 tieto ei ole kaikille avointa. Laiskuutta on se, ett\u00e4 ihmisill\u00e4 ei ole tilaa keskustella tunteistaan. Laiskuutta ovat egoismi, narsismi, lasikatto, rajoittuneisuus, turha m\u00e4\u00e4rittely ja ty\u00f6ehtojen hataruus. \u00c4l\u00e4 ole laiska.<\/p>\n<h3><strong>5. Theatre is a state, not a space.<\/strong><\/h3>\n<p>Teatteri ei ole korkeakulttuuria eik\u00e4 elitistist\u00e4. Vaadimme teatteria arkisempiin olosuhteisiin. On jalkauduttava pois p\u00f6lyisist\u00e4 laitoksista, tuotava lapset mukaan tarhasta asti ja annettava puitteet tehd\u00e4 teatteria statukseen katsomatta. Teatterin on oltava pedagogisena keinona l\u00e4sn\u00e4 jo kasvatuksen varhaisissa vaiheissa. Teatteri on tuotava ihmisen luo.<\/p>\n<h3><strong>6. Teatteri l\u00e4hestytt\u00e4v\u00e4mm\u00e4ksi.<\/strong><\/h3>\n<p>Pois turha hienostelu sek\u00e4 uhkaavat pienet ruuat, kuten seitsem\u00e4n euron graavilohileiv\u00e4t. Kalja voi olla huonoakin, kunhan se on halpaa. Teatterissa k\u00e4ymisen tulee olla yht\u00e4 kutsuvaa kuin leffassa k\u00e4ynti sarjalippuineen ja teemailtoineen. Teatterissakin saa nukahtaa.<\/p>\n<h3><strong>7. Teatteri on pop.<\/strong><\/h3>\n<p>\u00c4lk\u00e4\u00e4 h\u00e4vetk\u00f6. \u00c4lk\u00e4\u00e4 kumarrelko ket\u00e4\u00e4n. \u00c4lk\u00e4\u00e4 n\u00f6yristelk\u00f6. Teatteria tulee kantaa ja markkinoida samalla ylpeydell\u00e4 kuin muita viihteen ja taiteen lajeja. Teatteria tulee popularisoida ja br\u00e4nd\u00e4t\u00e4 rohkeammin, niin kasvotusten kuin somessakin. Rumat ja tyls\u00e4t mainoskuvat pois katukuvasta, jotta kaikki saisivat tiet\u00e4\u00e4, miten siisti\u00e4 teatteri on.<\/p>\n<h3><strong>8. Miss\u00e4 hellyys?<\/strong><\/h3>\n<p>Herkkyys, hellyys ja kauneus ovat radikaalimpia kuin seksi ja v\u00e4kivalta. Taiteelliset valinnat tulee perustella yleis\u00f6n, tekij\u00f6iden ja kokonaisuuden kannalta. Kyseenalaista rajuus. Rajuus ei ole en\u00e4\u00e4 vastavirtaa, vaan uusi normi. Ole rehellinen itsellesi, yleis\u00f6lle ja olemassaolon kokemukselle.<\/p>\n<h3><strong>9. Esiripun takana ei saa tapahtua mit\u00e4\u00e4n kamalaa.<\/strong><\/h3>\n<p>Teatterity\u00f6ryhm\u00e4n sis\u00e4ll\u00e4 pit\u00e4\u00e4 olla tasavertaista kunnioitusta kaikkia osapuolia kohtaan. Kenenk\u00e4\u00e4n oikeuksia ei saa rikkoa ja rajoista on pidett\u00e4v\u00e4 kiinni. Kaltoinkohteluun on reagoitava v\u00e4litt\u00f6m\u00e4sti. Luottamusmies freelancereille.<\/p>\n<h3><strong>10. Jos te ette lopeta, me voimme lopettaa sen puolestanne.<\/strong><\/h3>\n<p>Meill\u00e4 on hienot aseet ja milloin vaan vartissa mahdollisuus tiedottaa koko maailmalle mit\u00e4 vaan. Vapaa tiedonkulku on vanhoille valtarakenteille kaikkein vaarallisinta. Jos te k\u00e4yt\u00e4tte meit\u00e4 hyv\u00e4ksi, me ammumme teid\u00e4t alas ja tuhoamme teid\u00e4n maineenne. Me rakennamme uuden teatterikent\u00e4n emmek\u00e4 ota teit\u00e4 mukaan emmek\u00e4 kutsu teit\u00e4 syntt\u00e4reillemme. Me otamme hyv\u00e4n ja hylk\u00e4\u00e4mme pahan. Me keksimme paremman py\u00f6r\u00e4n. T\u00e4m\u00e4 on lupaus.<\/p>\n<p>Tampereella 5.8.2018<br \/>\nOtso Aunola, Brendan Boyle, Elias Hjelm, Paula J\u00e4rvilehto, Oona P\u00e4t\u00e4ri, Akseli Saarinen, Vilma Ilmatar Sippola<br \/>\nKirjurina toimi Elina Kilkku<br \/>\n<\/div><\/div><\/div>\n","protected":false},"excerpt":{"rendered":"","protected":false},"author":3,"featured_media":1459,"parent":0,"menu_order":0,"comment_status":"closed","ping_status":"closed","template":"","meta":[],"_links":{"self":[{"href":"https:\/\/tnl.fi\/nuorinayttamo\/wp-json\/wp\/v2\/pages\/194"}],"collection":[{"href":"https:\/\/tnl.fi\/nuorinayttamo\/wp-json\/wp\/v2\/pages"}],"about":[{"href":"https:\/\/tnl.fi\/nuorinayttamo\/wp-json\/wp\/v2\/types\/page"}],"author":[{"embeddable":true,"href":"https:\/\/tnl.fi\/nuorinayttamo\/wp-json\/wp\/v2\/users\/3"}],"replies":[{"embeddable":true,"href":"https:\/\/tnl.fi\/nuorinayttamo\/wp-json\/wp\/v2\/comments?post=194"}],"version-history":[{"count":27,"href":"https:\/\/tnl.fi\/nuorinayttamo\/wp-json\/wp\/v2\/pages\/194\/revisions"}],"predecessor-version":[{"id":2795,"href":"https:\/\/tnl.fi\/nuorinayttamo\/wp-json\/wp\/v2\/pages\/194\/revisions\/2795"}],"wp:featuredmedia":[{"embeddable":true,"href":"https:\/\/tnl.fi\/nuorinayttamo\/wp-json\/wp\/v2\/media\/1459"}],"wp:attachment":[{"href":"https:\/\/tnl.fi\/nuorinayttamo\/wp-json\/wp\/v2\/media?parent=194"}],"curies":[{"name":"wp","href":"https:\/\/api.w.org\/{rel}","templated":true}]}}