{"id":1524,"date":"2017-01-01T11:41:09","date_gmt":"2017-01-01T09:41:09","guid":{"rendered":"http:\/\/nuorinayttamo.info\/?page_id=1524"},"modified":"2019-04-18T14:01:51","modified_gmt":"2019-04-18T11:01:51","slug":"2013-2015","status":"publish","type":"page","link":"https:\/\/tnl.fi\/nuorinayttamo\/2013-2015\/","title":{"rendered":"2013\u20132015"},"content":{"rendered":"<p>&nbsp;<\/p>\n<p>Ensimm\u00e4iseen Nuori N\u00e4ytt\u00e4m\u00f6 -kierrokseen vuosina 2013\u20132015 osallistui 27 ryhm\u00e4\u00e4, joissa oli mukana yhteens\u00e4 440 nuorta.<br \/>\nKatsojia hankkeella oli yhteens\u00e4 8500.<\/p>\n<h2>N\u00e4ytelm\u00e4t<\/h2>\n<p>Tove Appelgren: Zoo<br \/>\nAnna Krogerus: Kaarna<br \/>\nAri-Pekka Lahti: Senga sengana<br \/>\nTuomas Timonen: Keltainen pallo, eli suomalainen yksin\u00e4isyys<\/p>\n<h2>Antologia<\/h2>\n<p><a href=\"https:\/\/tnl.fi\/nuorinayttamo\/wp-content\/uploads\/2019\/04\/Nuori-N\u00e4ytt\u00e4m\u00f6-2013-2015-loppuraportti_5MB_Page_01.jpg\"><img loading=\"lazy\" class=\"size-medium wp-image-1954\" src=\"https:\/\/tnl.fi\/nuorinayttamo\/wp-content\/uploads\/2019\/04\/Nuori-N\u00e4ytt\u00e4m\u00f6-2013-2015-loppuraportti_5MB_Page_01-212x300.jpg\" alt=\"\" width=\"212\" height=\"300\" srcset=\"https:\/\/tnl.fi\/nuorinayttamo\/wp-content\/uploads\/2019\/04\/Nuori-N\u00e4ytt\u00e4m\u00f6-2013-2015-loppuraportti_5MB_Page_01-212x300.jpg 212w, https:\/\/tnl.fi\/nuorinayttamo\/wp-content\/uploads\/2019\/04\/Nuori-N\u00e4ytt\u00e4m\u00f6-2013-2015-loppuraportti_5MB_Page_01-768x1087.jpg 768w, https:\/\/tnl.fi\/nuorinayttamo\/wp-content\/uploads\/2019\/04\/Nuori-N\u00e4ytt\u00e4m\u00f6-2013-2015-loppuraportti_5MB_Page_01-724x1024.jpg 724w, https:\/\/tnl.fi\/nuorinayttamo\/wp-content\/uploads\/2019\/04\/Nuori-N\u00e4ytt\u00e4m\u00f6-2013-2015-loppuraportti_5MB_Page_01-420x594.jpg 420w, https:\/\/tnl.fi\/nuorinayttamo\/wp-content\/uploads\/2019\/04\/Nuori-N\u00e4ytt\u00e4m\u00f6-2013-2015-loppuraportti_5MB_Page_01-600x849.jpg 600w, https:\/\/tnl.fi\/nuorinayttamo\/wp-content\/uploads\/2019\/04\/Nuori-N\u00e4ytt\u00e4m\u00f6-2013-2015-loppuraportti_5MB_Page_01-900x1274.jpg 900w, https:\/\/tnl.fi\/nuorinayttamo\/wp-content\/uploads\/2019\/04\/Nuori-N\u00e4ytt\u00e4m\u00f6-2013-2015-loppuraportti_5MB_Page_01.jpg 1033w\" sizes=\"(max-width: 212px) 100vw, 212px\" \/><\/a><\/p>\n<h2>Ammattiteatterit<\/h2>\n<p>Kajaanin Kaupunginteatteri<br \/>\nRovaniemen Teatteri<br \/>\nHelsingin Kaupunginteatteri<br \/>\nLappeenrannan kaupunginteatteri<br \/>\nJyv\u00e4skyl\u00e4n kaupunginteatteri<br \/>\n\u00c5bo Svenska Teater<\/p>\n<h2>Nuorten ryhm\u00e4t<\/h2>\n<p>Taidekoulu Estradi, Lappeenranta, ohjaaja Heidi Parkkinen<br \/>\nJyv\u00e4skyl\u00e4n Kristillinen opisto, ohjaaja Ville Kiljunen<br \/>\nH-Moilaset, Rovaniemi, ohjaaja Liisa Penttil\u00e4<br \/>\nEsko, Espoo, ohjaaja Janne Jokelainen<br \/>\nTeatteri Tuikeen Ilmaisukoulu, Helsinki, ohjaaja Kimmo T\u00e4htivirta<br \/>\nVaskivuoren lukio, Vantaa, ohjaaja Susanna Mets\u00e4l\u00e4<br \/>\nJyv\u00e4skyl\u00e4n Ty Kulissin Nuoret, ohjaaja Sauli Yksj\u00e4rvi<br \/>\nKajaanin Harrastajateatteri, ohjaaja Sami Sainio<br \/>\nEstradi, Lappeenranta, ohjaaja Heidi Parkkinen<br \/>\nKemppateatteri ry, Kemij\u00e4rvi, ohjaaja Erja K\u00e4rkk\u00e4inen<br \/>\nJyv\u00e4skyl\u00e4n Kansalaisopisto (13\u201318-v), ohjaaja Antti Suora<br \/>\nTurun Nuori Teatteri, ohjaaja Mikko Kaikkonen<br \/>\nJ\u00e4TE-Nuoret, J\u00e4rvenp\u00e4\u00e4, ohjaaja Ville Mustonen &amp; Minna Lund<br \/>\nSankarit, Narri, Helsinki, ohjaaja Laura Mboup<br \/>\nKajaanin Lyseo, ohjaajat Terhi Kontiola &amp; Mira Fordell<br \/>\nLappeenrannan lukioteatteri, ohjaaja Marika Kesseli<br \/>\nJyv\u00e4skyl\u00e4n kansalaisopisto, (12-16-v), ohjaaja Sauli Yksj\u00e4rvi<br \/>\nKittil\u00e4n Nuorisoteatteri, ohjaaja Tiina Puljuj\u00e4rvi<br \/>\nNapapiirin yl\u00e4aste, Rovaniemi, ohjaaja Jukka Aikio<br \/>\nTurun klassillinen lukio, ohjaaja Katri Aholainen<br \/>\nRare Youth, Helsinki, ohjaaja Jatta Stepanoff Harakkam\u00e4ki<br \/>\nKuokkalan koulu, Jyv\u00e4skyl\u00e4, ohjaaja Sofia Mauno<br \/>\nHauholan koulu, Kajaani, ohjaaja Sirpa Perttunen<br \/>\nEstradi PO 2B, Lappeenranta, ohjaaja Heidi Parkkinen<br \/>\nAurora Borealis, Ivalo, ohjaaja Riitta Maukonen<br \/>\n\u00c5bolands teaterskola, ohjaaja Jani Lastuniemi &amp; Linda \u00c5kerlund<br \/>\nYoung Art IV, Rovaniemi, ohjaaja Liisa Pentti<\/p>\n","protected":false},"excerpt":{"rendered":"<p>&nbsp; Ensimm\u00e4iseen Nuori N\u00e4ytt\u00e4m\u00f6 -kierrokseen vuosina 2013\u20132015 osallistui 27 ryhm\u00e4\u00e4, joissa oli mukana yhteens\u00e4 440 nuorta. Katsojia hankkeella oli yhteens\u00e4 8500. N\u00e4ytelm\u00e4t Tove Appelgren: Zoo Anna Krogerus: Kaarna Ari-Pekka Lahti: Senga sengana Tuomas Timonen: Keltainen pallo, eli suomalainen yksin\u00e4isyys Antologia Ammattiteatterit Kajaanin Kaupunginteatteri Rovaniemen Teatteri Helsingin Kaupunginteatteri Lappeenrannan kaupunginteatteri Jyv\u00e4skyl\u00e4n kaupunginteatteri \u00c5bo Svenska Teater Nuorten [&hellip;]<\/p>\n","protected":false},"author":3,"featured_media":0,"parent":0,"menu_order":0,"comment_status":"closed","ping_status":"closed","template":"","meta":[],"_links":{"self":[{"href":"https:\/\/tnl.fi\/nuorinayttamo\/wp-json\/wp\/v2\/pages\/1524"}],"collection":[{"href":"https:\/\/tnl.fi\/nuorinayttamo\/wp-json\/wp\/v2\/pages"}],"about":[{"href":"https:\/\/tnl.fi\/nuorinayttamo\/wp-json\/wp\/v2\/types\/page"}],"author":[{"embeddable":true,"href":"https:\/\/tnl.fi\/nuorinayttamo\/wp-json\/wp\/v2\/users\/3"}],"replies":[{"embeddable":true,"href":"https:\/\/tnl.fi\/nuorinayttamo\/wp-json\/wp\/v2\/comments?post=1524"}],"version-history":[{"count":9,"href":"https:\/\/tnl.fi\/nuorinayttamo\/wp-json\/wp\/v2\/pages\/1524\/revisions"}],"predecessor-version":[{"id":1996,"href":"https:\/\/tnl.fi\/nuorinayttamo\/wp-json\/wp\/v2\/pages\/1524\/revisions\/1996"}],"wp:attachment":[{"href":"https:\/\/tnl.fi\/nuorinayttamo\/wp-json\/wp\/v2\/media?parent=1524"}],"curies":[{"name":"wp","href":"https:\/\/api.w.org\/{rel}","templated":true}]}}