{"id":1352,"date":"2016-12-12T19:15:11","date_gmt":"2016-12-12T17:15:11","guid":{"rendered":"http:\/\/nuorinayttamo.info\/?page_id=1352"},"modified":"2018-03-28T19:11:29","modified_gmt":"2018-03-28T16:11:29","slug":"tnl","status":"publish","type":"page","link":"https:\/\/tnl.fi\/nuorinayttamo\/tnl\/","title":{"rendered":"TNL"},"content":{"rendered":"<div class=\"spacer spacer-medium\"><\/div><div class=\"wrapper\"><div id=\"\" class=\"column-section clearfix spaced-normal \"><\/div><\/div><div  class=\"column one-fourth  \" ><\/div><div  class=\"column three-fourth last-col \" ><\/div><div class=\"spacer spacer-medium\"><\/div>\n<p class=\"p1\"><span class=\"s1\">Ty\u00f6v\u00e4en N\u00e4ytt\u00e4m\u00f6iden Liitto r.y. (TNL) on teatterialan ammattilaisten ja harrastajien yhteinen j\u00e4rjest\u00f6, joka reagoi nopeasti taloudellisissa ja rakenteellisissa muutoksissa olevan teatterikent\u00e4n tarpeisiin. TNL toimii vuorovaikutuksen ja yhteisty\u00f6n rakentajana teatterin harrastajien ja ammattilaisten v\u00e4lill\u00e4, keskitt\u00e4\u00e4 toimintaansa yh\u00e4 vahvemmin lapsiin ja nuoriin, j\u00e4rjest\u00e4\u00e4 kaikenik\u00e4isille tasokasta koulutusta sek\u00e4 toteuttaa alan kehittymist\u00e4 tukevia, laadukkaita tapahtumia.<\/span><\/p>\n<p class=\"p2\"><span class=\"s2\"><a href=\"http:\/\/nuorinayttamo.info\/wp-content\/uploads\/2016\/12\/TNL-strategia-2016-18.pdf\">TNL:n strategia 2016-18<\/a><\/span><\/p>\n<p class=\"p2\"><span class=\"s2\"><a href=\"http:\/\/www.tnl.fi\/\"><b>tnl.fi<\/b><\/a><\/span><\/p>\n","protected":false},"excerpt":{"rendered":"<p>Ty\u00f6v\u00e4en N\u00e4ytt\u00e4m\u00f6iden Liitto r.y. (TNL) on teatterialan ammattilaisten ja harrastajien yhteinen j\u00e4rjest\u00f6, joka reagoi nopeasti taloudellisissa ja rakenteellisissa muutoksissa olevan teatterikent\u00e4n tarpeisiin. TNL toimii vuorovaikutuksen ja yhteisty\u00f6n rakentajana teatterin harrastajien ja ammattilaisten v\u00e4lill\u00e4, keskitt\u00e4\u00e4 toimintaansa yh\u00e4 vahvemmin lapsiin ja nuoriin, j\u00e4rjest\u00e4\u00e4 kaikenik\u00e4isille tasokasta koulutusta sek\u00e4 toteuttaa alan kehittymist\u00e4 tukevia, laadukkaita tapahtumia. TNL:n strategia 2016-18 tnl.fi<\/p>\n","protected":false},"author":3,"featured_media":0,"parent":0,"menu_order":0,"comment_status":"closed","ping_status":"closed","template":"","meta":[],"_links":{"self":[{"href":"https:\/\/tnl.fi\/nuorinayttamo\/wp-json\/wp\/v2\/pages\/1352"}],"collection":[{"href":"https:\/\/tnl.fi\/nuorinayttamo\/wp-json\/wp\/v2\/pages"}],"about":[{"href":"https:\/\/tnl.fi\/nuorinayttamo\/wp-json\/wp\/v2\/types\/page"}],"author":[{"embeddable":true,"href":"https:\/\/tnl.fi\/nuorinayttamo\/wp-json\/wp\/v2\/users\/3"}],"replies":[{"embeddable":true,"href":"https:\/\/tnl.fi\/nuorinayttamo\/wp-json\/wp\/v2\/comments?post=1352"}],"version-history":[{"count":12,"href":"https:\/\/tnl.fi\/nuorinayttamo\/wp-json\/wp\/v2\/pages\/1352\/revisions"}],"predecessor-version":[{"id":1777,"href":"https:\/\/tnl.fi\/nuorinayttamo\/wp-json\/wp\/v2\/pages\/1352\/revisions\/1777"}],"wp:attachment":[{"href":"https:\/\/tnl.fi\/nuorinayttamo\/wp-json\/wp\/v2\/media?parent=1352"}],"curies":[{"name":"wp","href":"https:\/\/api.w.org\/{rel}","templated":true}]}}