{"id":1277,"date":"2016-11-22T09:08:22","date_gmt":"2016-11-22T07:08:22","guid":{"rendered":"http:\/\/nuorinayttamo.info\/?page_id=1277"},"modified":"2023-02-06T13:50:13","modified_gmt":"2023-02-06T11:50:13","slug":"julkaisut","status":"publish","type":"page","link":"https:\/\/tnl.fi\/nuorinayttamo\/julkaisut\/","title":{"rendered":"Julkaisut"},"content":{"rendered":"<div class=\"spacer spacer-medium\"><\/div><div class=\"wrapper\"><div id=\"\" class=\"column-section clearfix spaced-normal \"><div  class=\"column one-third  \" ><div id=\"sc-gallery-grid1\" class=\"isotope-grid gallery-container style-column-list isotope-not-spaced  clearfix\"><div class=\"isotope-item sr-gallery-item no-anim\"><img src=\"https:\/\/tnl.fi\/nuorinayttamo\/wp-content\/uploads\/2021\/12\/NN_rap_kansi.jpg\" width=\"586\" height=\"795\" alt=\"NN_rap_kansi\" \/><\/div><\/div><\/div><div  class=\"column two-third last-col \" >\n<h5>Nina J\u00e4\u00e4skel\u00e4inen<br \/>\nHinriikka Lindqvist<br \/>\nAnnukka Ruuskanen:<\/h5>\n<h2>Nuori N\u00e4ytt\u00e4m\u00f6 2019\u20132021 -loppuraportti<\/h2>\n<p>&nbsp;<\/p>\n<p><strong>Toimittanut<\/strong>\u00a0Nina J\u00e4\u00e4skel\u00e4inen,\u00a0Hinriikka Lindqvist ja\u00a0Annukka Ruuskanen<\/p>\n<p><strong>Kustantajat<\/strong> Ty\u00f6v\u00e4en N\u00e4ytt\u00e4m\u00f6iden Liitto<\/p>\n<p>Lue 2019\u201321 loppuraportti t\u00e4st\u00e4:<br \/>\n<a href=\"https:\/\/tnl.fi\/nuorinayttamo\/wp-content\/uploads\/2023\/02\/Nuori_Nayttamo_loppurap_14122021_pakattu.pdf\">Nuori_Nayttamo_loppurap_14122021_pakattu<\/a><\/p>\n<\/div><\/div><\/div><div class=\"spacer spacer-medium\"><\/div><div class=\"wrapper\"><div id=\"\" class=\"column-section clearfix spaced-normal \"><div  class=\"column one-third  \" ><div id=\"sc-gallery-grid2\" class=\"isotope-grid gallery-container style-column-list isotope-not-spaced  clearfix\"><div class=\"isotope-item sr-gallery-item no-anim\"><img src=\"https:\/\/tnl.fi\/nuorinayttamo\/wp-content\/uploads\/2021\/05\/antologia-830x1024-1.png\" width=\"830\" height=\"1024\" alt=\"antologia-830&#215;1024\" \/><\/div><\/div><\/div><div  class=\"column two-third last-col \" >\n<h5>Harriet Braun, Okko Leo, Katariina Numminen, Otto Sandqvist:<\/h5>\n<h2>Kolme + kolme n\u00e4ytelm\u00e4\u00e4 -antologia<\/h2>\n<p>Isukki.<br \/>\nTytt\u00f6mets\u00e4.<br \/>\nFlamingonpunainen unelma.<br \/>\nKolme.<\/p>\n<p>Miten kyborgia, mets\u00e4\u00e4, sis\u00e4ist\u00e4 \u00e4\u00e4nt\u00e4 tai jumbojetti\u00e4 n\u00e4ytell\u00e4\u00e4n?<br \/>\nOkko Leo on kirjoittanut kipe\u00e4n scifi-n\u00e4ytelm\u00e4n ihmisriippuvuudesta ja itsen\u00e4istymisest\u00e4, mukana seikkailee kyborgi-is\u00e4.<br \/>\nKatariina Nummisen hurjan kokonaisuuden p\u00e4\u00e4henkil\u00f6ksi nousee i\u00e4ti vaiennettujen, hyv\u00e4ksik\u00e4ytettyjen tytt\u00f6jen kuoro.<br \/>\nOtto Sandqvistin elokuvallisessa teoksessa ollaan el\u00e4m\u00e4n, kuoleman ja buffetp\u00f6yd\u00e4n \u00e4\u00e4rell\u00e4.<br \/>\nHarriet Braun pui rakkauden moneutta omien ja toisten odotusten parissa.<\/p>\n<p><strong>Toimittanut<\/strong>\u00a0Hinrikka Lindqvist<br \/>\n<strong>Suomentaja<\/strong>\u00a0Jukka-Pekka Pajunen<br \/>\n<strong>Kustantajat<\/strong> Ty\u00f6v\u00e4en N\u00e4ytt\u00e4m\u00f6iden Liitto ja ntamo<\/p>\n<p>N\u00e4ytelmien tekij\u00e4noikeusinfo l\u00f6ytyy kirjasta. \u00a0N\u00e4ytelmien kohderyhmin\u00e4 ovat 13\u201319-vuotiaat, joko tekij\u00f6in\u00e4 tai katsojina.<\/p>\n<p><strong>Hinta<\/strong> 20 \u20ac + postitus- ja k\u00e4sittelykulut 5 \u20ac.<br \/>\n<strong>Tilaukset<\/strong>\u00a0paivi (at) tnl.fi<\/p>\n<\/div><\/div><\/div><div class=\"wrapper\"><div id=\"\" class=\"column-section clearfix spaced-normal \"><div  class=\"column one-third  \" ><div id=\"sc-gallery-grid3\" class=\"isotope-grid gallery-container style-column-list isotope-not-spaced  clearfix\"><div class=\"isotope-item sr-gallery-item no-anim\"><img src=\"https:\/\/tnl.fi\/nuorinayttamo\/wp-content\/uploads\/2018\/07\/38059360_1035559989945657_6054665858741960704_n.jpg\" width=\"756\" height=\"960\" alt=\"Viisi n\u00e4ytelm\u00e4\u00e4 Fem pj\u00e4ser\" \/><\/div><\/div><\/div><div  class=\"column two-third last-col \" >\n<h5>Gunilla Hemming, Rasmus Lindberg,\u00a0Pipsa Lonka, Veikko Nuutinen,<br \/>\nOtto Sandqvist, Agate\u00a0\u00d8ksendal Kaupang, Felicia Ohly:<\/h5>\n<h2>VIISI n\u00e4ytelm\u00e4\u00e4 -antologia<\/h2>\n<p>Nuori N\u00e4ytt\u00e4m\u00f6 2016-2018 \u2013hankkeen n\u00e4ytelmien tarinat peilaavat murrosik\u00e4isten nuorten maailmaa tyylillisesti eri tavoin. Esille nousevat eettiset kysymykset matkalla itsen\u00e4isyyteen ja aikuisuuteen.<\/p>\n<p>Viisi n\u00e4ytelm\u00e4\u00e4 \u2013 Fem pj\u00e4ser -antologian viidest\u00e4 n\u00e4ytelm\u00e4st\u00e4 kolme on kirjoitettu Nuori N\u00e4ytt\u00e4m\u00f6 -hankkeen tilauksesta. N\u00e4m\u00e4 teokset ovat <strong>Pipsa Longan<\/strong> <em>Tuntemattoman el\u00e4imen j\u00e4ljet,<\/em> <strong>Veikko Nuutisen<\/strong> <em>On isis<\/em> ja <strong>Gunilla Hemmingin<\/strong> <em>Carmina<\/em>.<\/p>\n<p>Nelj\u00e4s n\u00e4ytelm\u00e4 on ruotsalaiselle L\u00c4NK-hankkeelle <strong>Rasmus Lindbergin<\/strong> kirjoittama <em>Ainon aito m\u00e4<\/em>, alkuper\u00e4iselt\u00e4 nimelt\u00e4\u00e4n <em>Sannas sanna jag<\/em>. Antologian viides teos <em>Nevadaland<\/em> on syntynyt pohjoismaisena yhteisty\u00f6n\u00e4. Nevadalandin kirjoittajista <strong>Otto Sandvist<\/strong> on suomalainen, <strong>Felicia<\/strong> <strong>Ohly<\/strong> ruotsalainen ja <strong>Agate\u00a0<\/strong>\u00d8<strong>ksendal-Kaupang<\/strong> norjalainen.<\/p>\n<p><strong>Toimittanut<\/strong>\u00a0Inke Rosilo<br \/>\n<strong>Suomentaja<\/strong> Liisa Urpelainen<br \/>\n<strong>Kustantajat<\/strong> Ty\u00f6v\u00e4en N\u00e4ytt\u00e4m\u00f6iden Liitto ja ntamo<\/p>\n<p>N\u00e4ytelmien tekij\u00e4noikeusinfo l\u00f6ytyy kirjasta.<\/p>\n<p>N\u00e4ytelmien kohderyhmin\u00e4 ovat 13\u201319-vuotiaat, joko tekij\u00f6in\u00e4 tai katsojina.<\/p>\n<p><strong>Hinta<\/strong> 20 \u20ac + postitus- ja k\u00e4sittelykulut 5 \u20ac.<br \/>\n<strong>Tilaukset<\/strong> paivi (at) tnl.fi<\/p>\n<\/div><\/div><\/div><div class=\"spacer spacer-medium\"><\/div><div class=\"wrapper\"><div id=\"\" class=\"column-section clearfix spaced-normal \"><div  class=\"column one-third  \" ><div id=\"sc-gallery-grid4\" class=\"isotope-grid gallery-container style-column-list isotope-not-spaced  clearfix\"><div class=\"isotope-item sr-gallery-item no-anim\"><img src=\"https:\/\/tnl.fi\/nuorinayttamo\/wp-content\/uploads\/2016\/11\/neljanaytelmaa-1290x1955.jpg\" width=\"1290\" height=\"1955\" alt=\"Nelj\u00e4 N\u00e4ytelm\u00e4\u00e4 &#8211; Fyra Pj\u00e4ser\" \/><\/div><\/div><\/div><div  class=\"column two-third last-col \" >\n<h5>Anna Krogerus, Ari-Pekka Lahti,\u00a0Tuomas Timonen ja Tove Appelgren:<\/h5>\n<h2>Nelj\u00e4 n\u00e4ytelm\u00e4\u00e4 -antologia<\/h2>\n<p>Nuori N\u00e4ytt\u00e4m\u00f6 2013-2015 \u2013hankkeen nelj\u00e4lt\u00e4 ammattikirjailijalta tilaamien n\u00e4ytelmien tarinat peilaavat murrosik\u00e4isten nuorten maailmaa tyylillisesti eri tavoin. Ne k\u00e4ytt\u00e4v\u00e4t rohkeasti ja raikkaasti eri lajityyppej\u00e4, pureutuvat siekailematta my\u00f6s aikuiseksi kasvamisen arimpiin kipukohtiin \u2013 unohtamatta aikamme yhteiskunnallisia pelkoja ja uhkakuvia.<\/p>\n<p><strong>Toimittanut<\/strong>\u00a0Inke Rosilo<br \/>\n<strong>Suomentaja<\/strong> Liisa Urpelainen<br \/>\n<strong>Ruotsintajat<\/strong> Anna Simberg, Jan N\u00e5ls ja Annina Enckell<br \/>\n<strong>Kustantajat<\/strong> Ty\u00f6v\u00e4en N\u00e4ytt\u00e4m\u00f6iden Liitto ja ntamo<\/p>\n<p>N\u00e4ytelmien tekij\u00e4noikeusinfo l\u00f6ytyy kirjasta.<\/p>\n<p>N\u00e4ytelmien kohderyhmin\u00e4 ovat 13\u201319-vuotiaat, joko tekij\u00f6in\u00e4 tai katsojina.<\/p>\n<p><strong>Hinta<\/strong> 20 \u20ac + postitus- ja k\u00e4sittelykulut 5 \u20ac.<br \/>\n<strong>Tilaukset<\/strong> paivi (at) tnl.fi tai (09) 2511 217<\/p>\n<\/div><\/div><\/div><div class=\"spacer spacer-medium\"><\/div><div class=\"wrapper\"><div id=\"\" class=\"column-section clearfix spaced-normal \"><div  class=\"column one-third  \" ><div id=\"sc-gallery-grid5\" class=\"isotope-grid gallery-container style-column-list isotope-spaced  clearfix\"><div class=\"isotope-item sr-gallery-item no-anim\"><img src=\"\" width=\"\" height=\"\" alt=\"\" \/><\/div><div class=\"isotope-item sr-gallery-item no-anim\"><img src=\"https:\/\/tnl.fi\/nuorinayttamo\/wp-content\/uploads\/2015\/11\/nuori-nayttamo-loppuraportti.jpg\" width=\"595\" height=\"842\" alt=\"nuori-nayttamo-loppuraportti\" \/><\/div><\/div><\/div><div  class=\"column two-third last-col \" >\n<h2>Nuori N\u00e4ytt\u00e4m\u00f6 2013-2015-loppuraportti<\/h2>\n<p>Suomalaisessa teatterissa pohditaan keinoja, joilla uudet sukupolvet saadaan esitt\u00e4v\u00e4n taiteen pariin. L\u00e4hes kaikkialla on havaittu, ett\u00e4 aikuisten ammattilaisten tekem\u00e4 nuortenteatteri ei riit\u00e4 vetovoimatekij\u00e4ksi. Nuoret haluavat n\u00e4hd\u00e4 n\u00e4ytt\u00e4m\u00f6ll\u00e4 nuoria. Suomessa on meneill\u00e4\u00e4n kotimaisen n\u00e4ytelm\u00e4n kultakausi, mutta nuortenn\u00e4ytelmi\u00e4 on kirjoitettu hyvin harvakseltaan. Ty\u00f6v\u00e4en N\u00e4ytt\u00e4m\u00f6iden Liiton Nuori N\u00e4ytt\u00e4m\u00f6 -hanke otti vastaan n\u00e4m\u00e4 kaksi keskeist\u00e4 haastetta: saada nuoret luontevasti teatterin pariin sek\u00e4 tuottaa uusia, nuorille suunnattuja, taiteellisesti korkeatasoisia tekstej\u00e4. Nuori N\u00e4ytt\u00e4m\u00f6 -pilottihanke toteutettiin vuosina 2013\u201315 yhteisty\u00f6ss\u00e4 nelj\u00e4n suomalaisen n\u00e4ytelm\u00e4kirjailijan, kuuden ammattiteatterin ja 27 nuortenteatteriryhm\u00e4n kanssa. T\u00e4m\u00e4 raportti kertoo t\u00e4st\u00e4 innostavasta matkasta, jolle kaikki toteuttajatahot tahtovat yksimielisesti saada pysyv\u00e4n jalansijan maan teatterikartalla.<\/p>\n<p>Nuori N\u00e4ytt\u00e4m\u00f6 -hankkeen ensimm\u00e4isen kierroksen loppuraportti. <a href=\"https:\/\/tnl.fi\/nuorinayttamo\/wp-content\/uploads\/2019\/04\/Nuori-N\u00e4ytt\u00e4m\u00f6-2013-2015-loppuraportti_5MB.pdf\">Lataa t\u00e4st\u00e4!<\/a><\/p>\n<\/div><\/div><\/div><div class=\"spacer spacer-medium\"><\/div>\n","protected":false},"excerpt":{"rendered":"","protected":false},"author":3,"featured_media":0,"parent":0,"menu_order":0,"comment_status":"closed","ping_status":"closed","template":"","meta":[],"_links":{"self":[{"href":"https:\/\/tnl.fi\/nuorinayttamo\/wp-json\/wp\/v2\/pages\/1277"}],"collection":[{"href":"https:\/\/tnl.fi\/nuorinayttamo\/wp-json\/wp\/v2\/pages"}],"about":[{"href":"https:\/\/tnl.fi\/nuorinayttamo\/wp-json\/wp\/v2\/types\/page"}],"author":[{"embeddable":true,"href":"https:\/\/tnl.fi\/nuorinayttamo\/wp-json\/wp\/v2\/users\/3"}],"replies":[{"embeddable":true,"href":"https:\/\/tnl.fi\/nuorinayttamo\/wp-json\/wp\/v2\/comments?post=1277"}],"version-history":[{"count":51,"href":"https:\/\/tnl.fi\/nuorinayttamo\/wp-json\/wp\/v2\/pages\/1277\/revisions"}],"predecessor-version":[{"id":2627,"href":"https:\/\/tnl.fi\/nuorinayttamo\/wp-json\/wp\/v2\/pages\/1277\/revisions\/2627"}],"wp:attachment":[{"href":"https:\/\/tnl.fi\/nuorinayttamo\/wp-json\/wp\/v2\/media?parent=1277"}],"curies":[{"name":"wp","href":"https:\/\/api.w.org\/{rel}","templated":true}]}}