{"id":1254,"date":"2023-02-15T09:32:58","date_gmt":"2023-02-15T07:32:58","guid":{"rendered":"http:\/\/nuorinayttamo.info\/?page_id=1254"},"modified":"2025-12-19T10:26:54","modified_gmt":"2025-12-19T08:26:54","slug":"hakulomake-hameenlinna","status":"publish","type":"page","link":"https:\/\/tnl.fi\/nuorinayttamo\/hakulomake\/hakulomake-hameenlinna\/","title":{"rendered":"H\u00e4meenlinna"},"content":{"rendered":"<div class=\"wrapper\"><div id=\"\" class=\"column-section clearfix spaced-normal \"><div  class=\"column one-fourth  \" ><\/div><div  class=\"column three-fourth last-col \" >\n<p><strong>HUOM!<\/strong>\u00a0Lomaketta ei voi v\u00e4litallentaa tai l\u00e4hett\u00e4\u00e4 osissa. T\u00e4yt\u00e4th\u00e4n sen siis huolella kokonaisuudessaan ja l\u00e4het\u00e4th\u00e4n saman tien.<\/p>\n<p><div role=\"form\" class=\"wpcf7\" id=\"wpcf7-f2096-o1\" lang=\"fi\" dir=\"ltr\">\n<div class=\"screen-reader-response\"><p role=\"status\" aria-live=\"polite\" aria-atomic=\"true\"><\/p> <ul><\/ul><\/div>\n<form action=\"\/nuorinayttamo\/wp-json\/wp\/v2\/pages\/1254#wpcf7-f2096-o1\" method=\"post\" class=\"wpcf7-form init\" novalidate=\"novalidate\" data-status=\"init\">\n<div style=\"display: none;\">\n<input type=\"hidden\" name=\"_wpcf7\" value=\"2096\" \/>\n<input type=\"hidden\" name=\"_wpcf7_version\" value=\"5.5.4\" \/>\n<input type=\"hidden\" name=\"_wpcf7_locale\" value=\"fi\" \/>\n<input type=\"hidden\" name=\"_wpcf7_unit_tag\" value=\"wpcf7-f2096-o1\" \/>\n<input type=\"hidden\" name=\"_wpcf7_container_post\" value=\"0\" \/>\n<input type=\"hidden\" name=\"_wpcf7_posted_data_hash\" value=\"\" \/>\n<\/div>\n<h6>1. Ryhm\u00e4n perustiedot<\/h6>\n<p><label> Ryhm\u00e4n nimi*<br \/>\n    <span class=\"wpcf7-form-control-wrap ryhman-nimi\"><input type=\"text\" name=\"ryhman-nimi\" value=\"\" size=\"40\" class=\"wpcf7-form-control wpcf7-text wpcf7-validates-as-required\" aria-required=\"true\" aria-invalid=\"false\" \/><\/span> <\/label><\/p>\n<p><label> Paikkakunta*<br \/>\n    <span class=\"wpcf7-form-control-wrap paikkakunta\"><input type=\"text\" name=\"paikkakunta\" value=\"\" size=\"40\" class=\"wpcf7-form-control wpcf7-text wpcf7-validates-as-required\" aria-required=\"true\" aria-invalid=\"false\" \/><\/span> <\/label><\/p>\n<p><label> WWW-sivut<br \/>\n    <span class=\"wpcf7-form-control-wrap www-sivut\"><input type=\"text\" name=\"www-sivut\" value=\"\" size=\"40\" class=\"wpcf7-form-control wpcf7-text\" aria-invalid=\"false\" \/><\/span> <\/label><\/p>\n<p><label> Postiosoite*<br \/>\n    <span class=\"wpcf7-form-control-wrap postiosoite\"><input type=\"text\" name=\"postiosoite\" value=\"\" size=\"40\" class=\"wpcf7-form-control wpcf7-text\" aria-invalid=\"false\" \/><\/span> <\/label><\/p>\n<p><label> Yhteyshenkil\u00f6*<br \/>\n    <span class=\"wpcf7-form-control-wrap yhteyshenkilo\"><input type=\"text\" name=\"yhteyshenkilo\" value=\"\" size=\"40\" class=\"wpcf7-form-control wpcf7-text wpcf7-validates-as-required\" aria-required=\"true\" aria-invalid=\"false\" \/><\/span> <\/label><\/p>\n<p><label> Puhelinnumero*<br \/>\n    <span class=\"wpcf7-form-control-wrap puhelin\"><input type=\"text\" name=\"puhelin\" value=\"\" size=\"40\" class=\"wpcf7-form-control wpcf7-text wpcf7-validates-as-required\" aria-required=\"true\" aria-invalid=\"false\" \/><\/span><\/label><\/p>\n<p><label> S\u00e4hk\u00f6posti*<br \/>\n    <span class=\"wpcf7-form-control-wrap sahkoposti\"><input type=\"email\" name=\"sahkoposti\" value=\"\" size=\"40\" class=\"wpcf7-form-control wpcf7-text wpcf7-email wpcf7-validates-as-required wpcf7-validates-as-email\" aria-required=\"true\" aria-invalid=\"false\" \/><\/span> <\/label><\/p>\n<h6>2) Ryhm\u00e4n lyhyt toimintahistoria<\/h6>\n<p><span class=\"wpcf7-form-control-wrap toimintahistoria\"><textarea name=\"toimintahistoria\" cols=\"40\" rows=\"10\" maxlength=\"1500\" class=\"wpcf7-form-control wpcf7-textarea wpcf7-validates-as-required\" aria-required=\"true\" aria-invalid=\"false\">V\u00e4hint\u00e4\u00e4n 500, enint\u00e4\u00e4n 1500 merkki\u00e4<\/textarea><\/span> <span class=\"wpcf7-character-count up\" data-target-name=\"toimintahistoria\" data-starting-value=\"0\" data-current-value=\"0\" data-maximum-value=\"1500\">0<\/span><\/p>\n<h6>3) Ryhm\u00e4n hakuhetkell\u00e4 tiedossa olevat j\u00e4senet<\/h6>\n<p><label>Ohjaaja: nimi, ik\u00e4 & lyhyt CV*<br \/>\n<span class=\"wpcf7-form-control-wrap ohjaaja\"><textarea name=\"ohjaaja\" cols=\"40\" rows=\"10\" maxlength=\"500\" class=\"wpcf7-form-control wpcf7-textarea wpcf7-validates-as-required\" aria-required=\"true\" aria-invalid=\"false\">Enint\u00e4\u00e4n 500 merkki\u00e4<\/textarea><\/span><\/label> <span class=\"wpcf7-character-count up\" data-target-name=\"ohjaaja\" data-starting-value=\"0\" data-current-value=\"0\" data-maximum-value=\"500\">0<\/span><\/p>\n<p><label>N\u00e4yttelij\u00e4t: ryhm\u00e4n koko ja ik\u00e4jakauma*<br \/>\n<span class=\"wpcf7-form-control-wrap nayttelijat\"><textarea name=\"nayttelijat\" cols=\"40\" rows=\"10\" maxlength=\"2000\" class=\"wpcf7-form-control wpcf7-textarea wpcf7-validates-as-required\" aria-required=\"true\" aria-invalid=\"false\">Enint\u00e4\u00e4n 2000 merkki\u00e4<\/textarea><\/span><\/label> <span class=\"wpcf7-character-count up\" data-target-name=\"nayttelijat\" data-starting-value=\"0\" data-current-value=\"0\" data-maximum-value=\"2000\">0<\/span><\/p>\n<p><label>Suunnitteluryhm\u00e4n j\u00e4senet: nimet, i\u00e4t & lyhyet CV:t*<br \/>\n(esim. muusikot, lavastajat, valo- ja \u00e4\u00e4nihenkil\u00f6t jne.)<br \/>\n<span class=\"wpcf7-form-control-wrap suunnitteluryhma\"><textarea name=\"suunnitteluryhma\" cols=\"40\" rows=\"10\" maxlength=\"2000\" class=\"wpcf7-form-control wpcf7-textarea wpcf7-validates-as-required\" aria-required=\"true\" aria-invalid=\"false\">Enint\u00e4\u00e4n 2000 merkki\u00e4<\/textarea><\/span><\/label> <span class=\"wpcf7-character-count up\" data-target-name=\"suunnitteluryhma\" data-starting-value=\"0\" data-current-value=\"0\" data-maximum-value=\"2000\">0<\/span><\/p>\n<h6>4) Paikka, jossa esitys harjoitellaan<\/h6>\n<p><label>Tilan lyhyt kuvaus*<br \/>\n<span class=\"wpcf7-form-control-wrap tilan-kuvaus\"><textarea name=\"tilan-kuvaus\" cols=\"40\" rows=\"10\" maxlength=\"500\" class=\"wpcf7-form-control wpcf7-textarea wpcf7-validates-as-required\" aria-required=\"true\" aria-invalid=\"false\">Enint\u00e4\u00e4n 500 merkki\u00e4<\/textarea><\/span><\/label> <span class=\"wpcf7-character-count up\" data-target-name=\"tilan-kuvaus\" data-starting-value=\"0\" data-current-value=\"0\" data-maximum-value=\"500\">0<\/span><\/p>\n<p><label>Tilan osoite<br \/>\n<span class=\"wpcf7-form-control-wrap tilan-osoite\"><input type=\"text\" name=\"tilan-osoite\" value=\"\" size=\"40\" class=\"wpcf7-form-control wpcf7-text\" aria-invalid=\"false\" \/><\/span><\/label><\/p>\n<h6>5) N\u00e4ytelm\u00e4vaihtoehdot<\/h6>\n<p>Kertokaa \/ kuvailkaa \/ perustelkaa n\u00e4ytelm\u00e4vaihtoehtonne:<\/p>\n<p><label>Suosikki 1*<br \/>\n<span class=\"wpcf7-form-control-wrap suosikki-1\"><textarea name=\"suosikki-1\" cols=\"40\" rows=\"10\" maxlength=\"1500\" class=\"wpcf7-form-control wpcf7-textarea wpcf7-validates-as-required\" aria-required=\"true\" aria-invalid=\"false\">Enint\u00e4\u00e4n 1500 merkki\u00e4<\/textarea><\/span><\/label> <span class=\"wpcf7-character-count up\" data-target-name=\"suosikki-1\" data-starting-value=\"0\" data-current-value=\"0\" data-maximum-value=\"1500\">0<\/span><\/p>\n<p><label>Suosikki 2*<br \/>\n<span class=\"wpcf7-form-control-wrap suosikki-2\"><textarea name=\"suosikki-2\" cols=\"40\" rows=\"10\" maxlength=\"1500\" class=\"wpcf7-form-control wpcf7-textarea wpcf7-validates-as-required\" aria-required=\"true\" aria-invalid=\"false\">Enint\u00e4\u00e4n 1500 merkki\u00e4<\/textarea><\/span><\/label> <span class=\"wpcf7-character-count up\" data-target-name=\"suosikki-2\" data-starting-value=\"0\" data-current-value=\"0\" data-maximum-value=\"1500\">0<\/span><\/p>\n<p><label>Suosikki 3*<br \/>\n<span class=\"wpcf7-form-control-wrap suosikki-3\"><textarea name=\"suosikki-3\" cols=\"40\" rows=\"10\" maxlength=\"1500\" class=\"wpcf7-form-control wpcf7-textarea wpcf7-validates-as-required\" aria-required=\"true\" aria-invalid=\"false\">Enint\u00e4\u00e4n 1500 merkki\u00e4<\/textarea><\/span><\/label> <span class=\"wpcf7-character-count up\" data-target-name=\"suosikki-3\" data-starting-value=\"0\" data-current-value=\"0\" data-maximum-value=\"1500\">0<\/span><\/p>\n<p><label>Hakemusvideon linkki, ei pakollinen (esim. Youtube, Vimeo)<br \/>\n<span class=\"wpcf7-form-control-wrap videolinkki\"><input type=\"text\" name=\"videolinkki\" value=\"\" size=\"40\" class=\"wpcf7-form-control wpcf7-text\" aria-invalid=\"false\" \/><\/span><\/label><\/p>\n<h6>6) Muuta, mit\u00e4?<\/h6>\n<p><label>Muut asiat, jotka tahtoisitte saattaa Nuori N\u00e4ytt\u00e4m\u00f6 -hankkeen tietoon<br \/>\n<span class=\"wpcf7-form-control-wrap muuta\"><textarea name=\"muuta\" cols=\"40\" rows=\"10\" maxlength=\"1500\" class=\"wpcf7-form-control wpcf7-textarea\" aria-invalid=\"false\">Enint\u00e4\u00e4n 1500 merkki\u00e4<\/textarea><\/span><\/label> <span class=\"wpcf7-character-count up\" data-target-name=\"muuta\" data-starting-value=\"0\" data-current-value=\"0\" data-maximum-value=\"1500\">0<\/span><\/p>\n<p><label>Kirjoita kuvassa n\u00e4kyv\u00e4t merkit<br \/>\n<span class=\"wpcf7-form-control-wrap captcha-285\"><input type=\"text\" name=\"captcha-285\" value=\"\" size=\"40\" class=\"wpcf7-form-control wpcf7-captchar captcha\" autocomplete=\"off\" aria-invalid=\"false\" \/><\/span><\/label><input type=\"hidden\" name=\"_wpcf7_captcha_challenge_captcha-285\" value=\"1985891085\" \/><img class=\"wpcf7-form-control wpcf7-captchac wpcf7-captcha-captcha-285\" width=\"72\" height=\"24\" alt=\"captcha\" src=\"https:\/\/tnl.fi\/nuorinayttamo\/wp-content\/uploads\/wpcf7_captcha\/1985891085.png\" \/><\/p>\n<p><input type=\"submit\" value=\"L\u00e4het\u00e4\" class=\"wpcf7-form-control has-spinner wpcf7-submit\" \/><\/p>\n<p style=\"display: none !important;\" class=\"akismet-fields-container\" data-prefix=\"_wpcf7_ak_\"><label>&#916;<textarea name=\"_wpcf7_ak_hp_textarea\" cols=\"45\" rows=\"8\" maxlength=\"100\"><\/textarea><\/label><input type=\"hidden\" id=\"ak_js_1\" name=\"_wpcf7_ak_js\" value=\"60\"\/><script>document.getElementById( \"ak_js_1\" ).setAttribute( \"value\", ( new Date() ).getTime() );<\/script><\/p><div class=\"wpcf7-response-output\" aria-hidden=\"true\"><\/div><\/form><\/div><\/p>\n<\/div><\/div><\/div>\n","protected":false},"excerpt":{"rendered":"","protected":false},"author":3,"featured_media":0,"parent":1171,"menu_order":0,"comment_status":"closed","ping_status":"closed","template":"","meta":[],"_links":{"self":[{"href":"https:\/\/tnl.fi\/nuorinayttamo\/wp-json\/wp\/v2\/pages\/1254"}],"collection":[{"href":"https:\/\/tnl.fi\/nuorinayttamo\/wp-json\/wp\/v2\/pages"}],"about":[{"href":"https:\/\/tnl.fi\/nuorinayttamo\/wp-json\/wp\/v2\/types\/page"}],"author":[{"embeddable":true,"href":"https:\/\/tnl.fi\/nuorinayttamo\/wp-json\/wp\/v2\/users\/3"}],"replies":[{"embeddable":true,"href":"https:\/\/tnl.fi\/nuorinayttamo\/wp-json\/wp\/v2\/comments?post=1254"}],"version-history":[{"count":9,"href":"https:\/\/tnl.fi\/nuorinayttamo\/wp-json\/wp\/v2\/pages\/1254\/revisions"}],"predecessor-version":[{"id":2996,"href":"https:\/\/tnl.fi\/nuorinayttamo\/wp-json\/wp\/v2\/pages\/1254\/revisions\/2996"}],"up":[{"embeddable":true,"href":"https:\/\/tnl.fi\/nuorinayttamo\/wp-json\/wp\/v2\/pages\/1171"}],"wp:attachment":[{"href":"https:\/\/tnl.fi\/nuorinayttamo\/wp-json\/wp\/v2\/media?parent=1254"}],"curies":[{"name":"wp","href":"https:\/\/api.w.org\/{rel}","templated":true}]}}